{"id":4958,"date":"2023-08-31T20:27:03","date_gmt":"2023-08-31T20:27:03","guid":{"rendered":"https:\/\/iglesiaelencuentro.com\/?page_id=4958"},"modified":"2023-09-07T21:56:36","modified_gmt":"2023-09-07T21:56:36","slug":"historia-iglesia-el-encuentro","status":"publish","type":"page","link":"https:\/\/iglesiaelencuentro.com\/en\/historia-iglesia-el-encuentro\/","title":{"rendered":"Historia de la Iglesia El Encuentro"},"content":{"rendered":"\t\t<div data-elementor-type=\"wp-page\" data-elementor-id=\"4958\" class=\"elementor elementor-4958\" data-elementor-post-type=\"page\">\n\t\t\t\t<div class=\"elementor-element elementor-element-a55246e e-flex e-con-boxed e-con e-parent\" data-id=\"a55246e\" data-element_type=\"container\" data-e-type=\"container\" data-settings=\"{&quot;background_background&quot;:&quot;slideshow&quot;,&quot;background_slideshow_gallery&quot;:[{&quot;id&quot;:5338,&quot;url&quot;:&quot;https:\\\/\\\/iglesiaelencuentro.com\\\/wp-content\\\/uploads\\\/2023\\\/09\\\/POLI-PASTORALFONSO-REY.jpg&quot;},{&quot;id&quot;:5339,&quot;url&quot;:&quot;https:\\\/\\\/iglesiaelencuentro.com\\\/wp-content\\\/uploads\\\/2023\\\/09\\\/POLICONSTRUC.jpg&quot;},{&quot;id&quot;:5340,&quot;url&quot;:&quot;https:\\\/\\\/iglesiaelencuentro.com\\\/wp-content\\\/uploads\\\/2023\\\/09\\\/POLICULTONINOS.jpg&quot;},{&quot;id&quot;:5341,&quot;url&quot;:&quot;https:\\\/\\\/iglesiaelencuentro.com\\\/wp-content\\\/uploads\\\/2023\\\/09\\\/ricardo-diaz.jpg&quot;},{&quot;id&quot;:5342,&quot;url&quot;:&quot;https:\\\/\\\/iglesiaelencuentro.com\\\/wp-content\\\/uploads\\\/2023\\\/09\\\/TERRENO.jpg&quot;},{&quot;id&quot;:5343,&quot;url&quot;:&quot;https:\\\/\\\/iglesiaelencuentro.com\\\/wp-content\\\/uploads\\\/2023\\\/09\\\/TERRENO2.jpg&quot;},{&quot;id&quot;:5344,&quot;url&quot;:&quot;https:\\\/\\\/iglesiaelencuentro.com\\\/wp-content\\\/uploads\\\/2023\\\/09\\\/02-SWANSON.jpg&quot;},{&quot;id&quot;:5345,&quot;url&quot;:&quot;https:\\\/\\\/iglesiaelencuentro.com\\\/wp-content\\\/uploads\\\/2023\\\/09\\\/5.jpg&quot;},{&quot;id&quot;:5346,&quot;url&quot;:&quot;https:\\\/\\\/iglesiaelencuentro.com\\\/wp-content\\\/uploads\\\/2023\\\/09\\\/17.jpg&quot;},{&quot;id&quot;:5347,&quot;url&quot;:&quot;https:\\\/\\\/iglesiaelencuentro.com\\\/wp-content\\\/uploads\\\/2023\\\/09\\\/18.jpg&quot;},{&quot;id&quot;:5348,&quot;url&quot;:&quot;https:\\\/\\\/iglesiaelencuentro.com\\\/wp-content\\\/uploads\\\/2023\\\/09\\\/19.jpg&quot;},{&quot;id&quot;:5349,&quot;url&quot;:&quot;https:\\\/\\\/iglesiaelencuentro.com\\\/wp-content\\\/uploads\\\/2023\\\/09\\\/20.jpg&quot;},{&quot;id&quot;:5350,&quot;url&quot;:&quot;https:\\\/\\\/iglesiaelencuentro.com\\\/wp-content\\\/uploads\\\/2023\\\/09\\\/25-rotated.jpg&quot;},{&quot;id&quot;:5351,&quot;url&quot;:&quot;https:\\\/\\\/iglesiaelencuentro.com\\\/wp-content\\\/uploads\\\/2023\\\/09\\\/26.jpg&quot;},{&quot;id&quot;:5352,&quot;url&quot;:&quot;https:\\\/\\\/iglesiaelencuentro.com\\\/wp-content\\\/uploads\\\/2023\\\/09\\\/28.jpg&quot;},{&quot;id&quot;:5353,&quot;url&quot;:&quot;https:\\\/\\\/iglesiaelencuentro.com\\\/wp-content\\\/uploads\\\/2023\\\/09\\\/30.jpg&quot;},{&quot;id&quot;:5354,&quot;url&quot;:&quot;https:\\\/\\\/iglesiaelencuentro.com\\\/wp-content\\\/uploads\\\/2023\\\/09\\\/31.jpg&quot;},{&quot;id&quot;:5355,&quot;url&quot;:&quot;https:\\\/\\\/iglesiaelencuentro.com\\\/wp-content\\\/uploads\\\/2023\\\/09\\\/34.jpg&quot;},{&quot;id&quot;:5356,&quot;url&quot;:&quot;https:\\\/\\\/iglesiaelencuentro.com\\\/wp-content\\\/uploads\\\/2023\\\/09\\\/36.jpg&quot;},{&quot;id&quot;:5357,&quot;url&quot;:&quot;https:\\\/\\\/iglesiaelencuentro.com\\\/wp-content\\\/uploads\\\/2023\\\/09\\\/37.jpg&quot;},{&quot;id&quot;:5358,&quot;url&quot;:&quot;https:\\\/\\\/iglesiaelencuentro.com\\\/wp-content\\\/uploads\\\/2023\\\/09\\\/41-rotated.jpg&quot;},{&quot;id&quot;:5359,&quot;url&quot;:&quot;https:\\\/\\\/iglesiaelencuentro.com\\\/wp-content\\\/uploads\\\/2023\\\/09\\\/43.jpg&quot;},{&quot;id&quot;:5360,&quot;url&quot;:&quot;https:\\\/\\\/iglesiaelencuentro.com\\\/wp-content\\\/uploads\\\/2023\\\/09\\\/45.jpg&quot;},{&quot;id&quot;:5361,&quot;url&quot;:&quot;https:\\\/\\\/iglesiaelencuentro.com\\\/wp-content\\\/uploads\\\/2023\\\/09\\\/47.jpg&quot;},{&quot;id&quot;:5362,&quot;url&quot;:&quot;https:\\\/\\\/iglesiaelencuentro.com\\\/wp-content\\\/uploads\\\/2023\\\/09\\\/49.jpg&quot;},{&quot;id&quot;:5363,&quot;url&quot;:&quot;https:\\\/\\\/iglesiaelencuentro.com\\\/wp-content\\\/uploads\\\/2023\\\/09\\\/51.jpg&quot;},{&quot;id&quot;:5364,&quot;url&quot;:&quot;https:\\\/\\\/iglesiaelencuentro.com\\\/wp-content\\\/uploads\\\/2023\\\/09\\\/52.jpg&quot;},{&quot;id&quot;:5365,&quot;url&quot;:&quot;https:\\\/\\\/iglesiaelencuentro.com\\\/wp-content\\\/uploads\\\/2023\\\/09\\\/54.jpg&quot;},{&quot;id&quot;:5366,&quot;url&quot;:&quot;https:\\\/\\\/iglesiaelencuentro.com\\\/wp-content\\\/uploads\\\/2023\\\/09\\\/59.jpg&quot;},{&quot;id&quot;:5367,&quot;url&quot;:&quot;https:\\\/\\\/iglesiaelencuentro.com\\\/wp-content\\\/uploads\\\/2023\\\/09\\\/63.jpg&quot;},{&quot;id&quot;:5368,&quot;url&quot;:&quot;https:\\\/\\\/iglesiaelencuentro.com\\\/wp-content\\\/uploads\\\/2023\\\/09\\\/71.jpg&quot;},{&quot;id&quot;:5369,&quot;url&quot;:&quot;https:\\\/\\\/iglesiaelencuentro.com\\\/wp-content\\\/uploads\\\/2023\\\/09\\\/73.jpg&quot;},{&quot;id&quot;:5370,&quot;url&quot;:&quot;https:\\\/\\\/iglesiaelencuentro.com\\\/wp-content\\\/uploads\\\/2023\\\/09\\\/75.jpg&quot;},{&quot;id&quot;:5371,&quot;url&quot;:&quot;https:\\\/\\\/iglesiaelencuentro.com\\\/wp-content\\\/uploads\\\/2023\\\/09\\\/77.jpg&quot;},{&quot;id&quot;:5372,&quot;url&quot;:&quot;https:\\\/\\\/iglesiaelencuentro.com\\\/wp-content\\\/uploads\\\/2023\\\/09\\\/A1.jpg&quot;},{&quot;id&quot;:5373,&quot;url&quot;:&quot;https:\\\/\\\/iglesiaelencuentro.com\\\/wp-content\\\/uploads\\\/2023\\\/09\\\/A2.jpg&quot;},{&quot;id&quot;:5375,&quot;url&quot;:&quot;https:\\\/\\\/iglesiaelencuentro.com\\\/wp-content\\\/uploads\\\/2023\\\/09\\\/BAUTIZPOLI-4.jpg&quot;},{&quot;id&quot;:5376,&quot;url&quot;:&quot;https:\\\/\\\/iglesiaelencuentro.com\\\/wp-content\\\/uploads\\\/2023\\\/09\\\/colegio.png&quot;},{&quot;id&quot;:5378,&quot;url&quot;:&quot;https:\\\/\\\/iglesiaelencuentro.com\\\/wp-content\\\/uploads\\\/2023\\\/09\\\/DSCN1584-scaled.jpg&quot;},{&quot;id&quot;:5379,&quot;url&quot;:&quot;https:\\\/\\\/iglesiaelencuentro.com\\\/wp-content\\\/uploads\\\/2023\\\/09\\\/enselnando.png&quot;},{&quot;id&quot;:5380,&quot;url&quot;:&quot;https:\\\/\\\/iglesiaelencuentro.com\\\/wp-content\\\/uploads\\\/2023\\\/09\\\/ensena-2.png&quot;},{&quot;id&quot;:5381,&quot;url&quot;:&quot;https:\\\/\\\/iglesiaelencuentro.com\\\/wp-content\\\/uploads\\\/2023\\\/09\\\/ensena-4.png&quot;},{&quot;id&quot;:5382,&quot;url&quot;:&quot;https:\\\/\\\/iglesiaelencuentro.com\\\/wp-content\\\/uploads\\\/2023\\\/09\\\/liceo-2.png&quot;},{&quot;id&quot;:5383,&quot;url&quot;:&quot;https:\\\/\\\/iglesiaelencuentro.com\\\/wp-content\\\/uploads\\\/2023\\\/09\\\/liceo-3.png&quot;},{&quot;id&quot;:5384,&quot;url&quot;:&quot;https:\\\/\\\/iglesiaelencuentro.com\\\/wp-content\\\/uploads\\\/2023\\\/09\\\/LOTE-SIN-CONSTRUIR.jpg&quot;},{&quot;id&quot;:5385,&quot;url&quot;:&quot;https:\\\/\\\/iglesiaelencuentro.com\\\/wp-content\\\/uploads\\\/2023\\\/09\\\/pared-swanson-igle.png&quot;}],&quot;background_slideshow_ken_burns&quot;:&quot;yes&quot;,&quot;background_slideshow_loop&quot;:&quot;yes&quot;,&quot;background_slideshow_slide_duration&quot;:5000,&quot;background_slideshow_slide_transition&quot;:&quot;fade&quot;,&quot;background_slideshow_transition_duration&quot;:500,&quot;background_slideshow_ken_burns_zoom_direction&quot;:&quot;in&quot;}\">\n\t\t\t\t\t<div class=\"e-con-inner\">\n\t\t\t\t<div class=\"elementor-element elementor-element-0daa4e2 elementor-headline--style-highlight elementor-widget elementor-widget-animated-headline\" data-id=\"0daa4e2\" data-element_type=\"widget\" data-e-type=\"widget\" data-settings=\"{&quot;marker&quot;:&quot;double_underline&quot;,&quot;highlighted_text&quot;:&quot;Su Historia&quot;,&quot;highlight_iteration_delay&quot;:7000,&quot;headline_style&quot;:&quot;highlight&quot;,&quot;loop&quot;:&quot;yes&quot;,&quot;highlight_animation_duration&quot;:1200}\" data-widget_type=\"animated-headline.default\">\n\t\t\t\t<div class=\"elementor-widget-container\">\n\t\t\t\t\t\t\t<h3 class=\"elementor-headline\">\n\t\t\t\t\t<span class=\"elementor-headline-plain-text elementor-headline-text-wrapper\">Nuestra historia es <\/span>\n\t\t\t\t<span class=\"elementor-headline-dynamic-wrapper elementor-headline-text-wrapper\">\n\t\t\t\t\t<span class=\"elementor-headline-dynamic-text elementor-headline-text-active\">Su Historia<\/span>\n\t\t\t\t<\/span>\n\t\t\t\t<\/h3>\n\t\t\t\t\t\t<\/div>\n\t\t\t\t<\/div>\n\t\t\t\t\t<\/div>\n\t\t\t\t<\/div>\n\t\t<div class=\"elementor-element elementor-element-61a42c2 e-con-full e-flex e-con e-parent\" data-id=\"61a42c2\" data-element_type=\"container\" data-e-type=\"container\" id=\"historia\">\n\t\t<div class=\"elementor-element elementor-element-cceb36f e-flex e-con-boxed e-con e-parent\" data-id=\"cceb36f\" data-element_type=\"container\" data-e-type=\"container\">\n\t\t\t\t\t<div class=\"e-con-inner\">\n\t\t\t\t<div class=\"elementor-element elementor-element-137e320 elementor-widget-mobile__width-auto elementor-widget__width-auto elementor-widget elementor-widget-timeline-widget-addon\" data-id=\"137e320\" data-element_type=\"widget\" data-e-type=\"widget\" data-widget_type=\"timeline-widget-addon.default\">\n\t\t\t\t<div class=\"elementor-widget-container\">\n\t\t\t\t\t<!-- ========= Timeline Widget Addon For Elementor 1.6.24 ========= -->\n<div id=\"twae-wrapper-137e320\" class=\"twae-vertical twae-wrapper  twae-both-sided\">   \n    <div class=\"twae-start\"><\/div>    \n    <div id=\"twea-timeline-137e320\" class=\"twae-timeline\" ><!-- Start of Story Repeater Content --><div id=\"story-f9fd063\" class=\"twae-story twae-repeater-item twae-story-right twae-story-no-icon\"><!-- Story Label --><div class=\"twae-labels\"><div class=\"twae-label-big\">1887<\/div><div class=\"twae-label-small\">Creaci\u00f3n de la Alianza Cristiana CMA<\/div><\/div><!-- Story Icon --><div class=\"twae-icon\"><i aria-hidden=\"true\" class=\"far fa-flag\"><\/i><\/div><!-- Story Arrow --><div class=\"twae-arrow\"><\/div><!-- Start of Story Content --><div class=\"twae-content\"><!-- Story Title --><div class=\"twae-title\">Se crea una alianza interdenominacional.<\/div><!-- Story Description --><div class=\"twae-description\"><p>Dios prepar\u00f3 el coraz\u00f3n de <strong>Alberto Benjam\u00edn Simpson Clark<\/strong>, para ser instrumento evangelizador en el \u00e1mbito mundial. Fue el Dr. Simpson con el apoyo de otras denominaciones, quien tuvo \u00e9xito al crear en agosto de 1887, una alianza interdenominacional por la cual se buscar\u00eda llegar <strong>hasta los \u00faltimos rincones de la tierra con el mensaje de Cristo<\/strong>. Este fue el comienzo de la Alianza Cristiana y Misionera, una agrupaci\u00f3n de personas deseosas de <strong>evangelizar a todo el mundo.<\/strong><\/p><\/div><\/div><\/div><!-- Start of Story Repeater Content --><div id=\"story-b029feb\" class=\"twae-story twae-repeater-item twae-story-left twae-story-no-icon\"><!-- Story Label --><div class=\"twae-labels\"><div class=\"twae-label-big\">1923<\/div><div class=\"twae-label-small\">El primer misionero de la Alianza en Colombia<\/div><\/div><!-- Story Icon --><div class=\"twae-icon\"><i aria-hidden=\"true\" class=\"fas fa-hiking\"><\/i><\/div><!-- Story Arrow --><div class=\"twae-arrow\"><\/div><!-- Start of Story Content --><div class=\"twae-content\"><!-- Story Title --><div class=\"twae-title\">Homero Crisman llega a Ipiales<\/div><!-- Story Description --><div class=\"twae-description\"><p>Huyendo de una turba enfurecida que lo persegu\u00eda desde Tulc\u00e1n, Ecuador; el Reverendo Crisman encuentra a la familia Mera que le brinda hospedaje y se convierte en <strong>la primera familia creyente de la Alianza Cristiana y Misionera Colombiana.\u00a0<\/strong><\/p><\/div><\/div><\/div><!-- Start of Story Repeater Content --><div id=\"story-83eb699\" class=\"twae-story twae-repeater-item twae-story-right twae-story-no-icon\"><!-- Story Label --><div class=\"twae-labels\"><div class=\"twae-label-big\">1978<\/div><div class=\"twae-label-small\">Un cambio de estrat\u00e9gia para evangelizar<\/div><\/div><!-- Story Icon --><div class=\"twae-icon\"><i aria-hidden=\"true\" class=\"fas fa-city\"><\/i><\/div><!-- Story Arrow --><div class=\"twae-arrow\"><\/div><!-- Start of Story Content --><div class=\"twae-content\"><!-- Story Title --><div class=\"twae-title\">El programa El Encuentro<\/div><!-- Story Description --><div class=\"twae-description\"><p>La Alianza decide trabajar estrat\u00e9gicamente\u00a0en las ciudades principales para <strong>plantar grandes iglesias que pudieran alcanzar la ciudad y el pa\u00eds<\/strong>, esto se conoci\u00f3 como El Encuentro. As\u00ed las cosas y despu\u00e9s de examinar muchos lugares para <strong>establecer una nueva iglesia en el norte de Bogot\u00e1<\/strong>, se escogi\u00f3 un local en el Centro Comercial el Lago en la carrera 15 con calle 78.\u00a0<\/p><\/div><\/div><\/div><!-- Start of Story Repeater Content --><div id=\"story-973cf8e\" class=\"twae-story twae-repeater-item twae-story-left twae-story-no-icon\"><!-- Story Label --><div class=\"twae-labels\"><div class=\"twae-label-big\">1982<\/div><div class=\"twae-label-small\">El primer culto de la iglesia El Encuentro<\/div><\/div><!-- Story Icon --><div class=\"twae-icon\"><i aria-hidden=\"true\" class=\"fas fa-map-marked-alt\"><\/i><\/div><!-- Story Arrow --><div class=\"twae-arrow\"><\/div><!-- Start of Story Content --><div class=\"twae-content\"><!-- Story Title --><div class=\"twae-title\">El Encuentro en el Centro Comercial El Lago<\/div><!-- Story Description --><div class=\"twae-description\"><p>El primer culto se celebr\u00f3 el 5 de septiembre de 1982 con la asistencia de los misioneros David y Shirley Overmoyer (primer pastor titular), Douglas y Nohem\u00ed Ord, David y Arlene Peters, Ken y Vikki Swanson, Roberto y Margarita Searing y Marylon Morgan. <strong>Esa ma\u00f1ana se convirtieron a Cristo dos personas.<\/strong><\/p><\/div><\/div><\/div><!-- Start of Story Repeater Content --><div id=\"story-dbdd686\" class=\"twae-story twae-repeater-item twae-story-right twae-story-no-icon\"><!-- Story Label --><div class=\"twae-labels\"><div class=\"twae-label-big\">1985<\/div><div class=\"twae-label-small\">Ensanchando la tienda<\/div><\/div><!-- Story Icon --><div class=\"twae-icon\"><i aria-hidden=\"true\" class=\"fas fa-church\"><\/i><\/div><!-- Story Arrow --><div class=\"twae-arrow\"><\/div><!-- Start of Story Content --><div class=\"twae-content\"><!-- Story Title --><div class=\"twae-title\">La Iglesia El Encuentro tiene casa propia<\/div><!-- Story Description --><div class=\"twae-description\"><p>Para 1985 <strong>la asistencia llegaba a las cuatrocientas personas y la iglesia oraba por un lugar propio<\/strong> pues era claro que no pod\u00edan permanecer por mucho m\u00e1s tiempo en el centro comercial.<\/p><p>El misionero Lorenzo Cardoza recibi\u00f3 entonces una llamada de la Cruz Roja Colombiana ofreciendo en venta un terreno que a\u00f1os atr\u00e1s hab\u00eda visto el misionero Ken Swanson, <strong>seis meses despu\u00e9s el lote ya era de la Alianza Cristiana y Misionera,<\/strong> la iglesia El Encuentro ten\u00eda casa propia. En los siguientes a\u00f1os se construy\u00f3 un edificio provisional para 500 personas (hoy es el polideportivo), y el edificio administrativo y educativo.<\/p><\/div><\/div><\/div><!-- Start of Story Repeater Content --><div id=\"story-9e5ca81\" class=\"twae-story twae-repeater-item twae-story-left twae-story-no-icon\"><!-- Story Label --><div class=\"twae-labels\"><div class=\"twae-label-big\">1988<\/div><div class=\"twae-label-small\">Programa B\u00e1sico de Capacitaci\u00f3n Ministerial <\/div><\/div><!-- Story Icon --><div class=\"twae-icon\"><i aria-hidden=\"true\" class=\"fas fa-bible\"><\/i><\/div><!-- Story Arrow --><div class=\"twae-arrow\"><\/div><!-- Start of Story Content --><div class=\"twae-content\"><!-- Story Title --><div class=\"twae-title\">Sirviendo a la iglesia Nacional<\/div><!-- Story Description --><div class=\"twae-description\"><p>Con el fin de responder a las necesidades de la visi\u00f3n de la iglesia y en el \u00e1nimo de acelerar la formaci\u00f3n de ministros como consecuencia misma de las demandas derivadas del r\u00e1pido crecimiento de El Encuentro, <strong>el Seminario B\u00edblico Alianza de Colombia<\/strong> puso en marcha el Programa B\u00e1sico de Capacitaci\u00f3n Ministerial en las instalaciones de la iglesia.<\/p><\/div><\/div><\/div><!-- Start of Story Repeater Content --><div id=\"story-e4c0a7c\" class=\"twae-story twae-repeater-item twae-story-right twae-story-no-icon\"><!-- Story Label --><div class=\"twae-labels\"><div class=\"twae-label-big\">1992<\/div><div class=\"twae-label-small\">Educaci\u00f3n Cristiana de Calidad<\/div><\/div><!-- Story Icon --><div class=\"twae-icon\"><i aria-hidden=\"true\" class=\"fas fa-book-open\"><\/i><\/div><!-- Story Arrow --><div class=\"twae-arrow\"><\/div><!-- Start of Story Content --><div class=\"twae-content\"><!-- Story Title --><div class=\"twae-title\">Nace el Liceo El Encuentro<\/div><!-- Story Description --><div class=\"twae-description\"><p>Se dio inicio al proyecto <strong><a href=\"https:\/\/liceoelencuentro.edu.co\" target=\"_blank\" rel=\"noopener\">Liceo El Encuentro<\/a><\/strong> con el objetivo de glorificar al Se\u00f1or y <strong>predicar su palabra a trav\u00e9s de la ense\u00f1anza.<\/strong> Al principio solo se pensaba en un preescolar, pero con el paso del tiempo fue necesario ampliar el alcance a la b\u00e1sica primaria y despu\u00e9s al bachillerato.<\/p><\/div><\/div><\/div><!-- Start of Story Repeater Content --><div id=\"story-32209ec\" class=\"twae-story twae-repeater-item twae-story-left twae-story-no-icon\"><!-- Story Label --><div class=\"twae-labels\"><div class=\"twae-label-big\">1997<\/div><div class=\"twae-label-small\">Creciendo en estructura<\/div><\/div><!-- Story Icon --><div class=\"twae-icon\"><i aria-hidden=\"true\" class=\"fas fa-hand-holding-heart\"><\/i><\/div><!-- Story Arrow --><div class=\"twae-arrow\"><\/div><!-- Start of Story Content --><div class=\"twae-content\"><!-- Story Title --><div class=\"twae-title\">Se crea la Fundaci\u00f3n Social El Encuentro<\/div><!-- Story Description --><div class=\"twae-description\"><p>Con el prop\u00f3sito de <strong>brindar apoyo a la labor ministerial y a las acciones sociales que desarrolla la Iglesia,<\/strong> atendiendo las necesidades de las comunidades focalizadas, procurando el mejoramiento de su calidad de vida.<\/p><p>De esta manera y con muchos planes, proyectos y desaf\u00edos se preparaba la iglesia para el nuevo milenio en una ciudad que experimentaba grandes cambios y transformaciones, pero con una necesidad inmutable y profunda, <strong>la necesidad de tener un encuentro con Dios para escuchar el evangelio de salvaci\u00f3n.<\/strong><\/p><\/div><\/div><\/div><\/div>\n    <div class=\"twae-end\"><\/div>\n    <\/div><style type=\"text\/css\">@media (max-width: 1024px){ .twae-wrapper{--tw-ybx-size: 80px !important;}}@media (max-width: 767px){ .twae-wrapper{--tw-ybx-size: 80px !important}}<\/style>\t\t\t\t<\/div>\n\t\t\t\t<\/div>\n\t\t\t\t\t<\/div>\n\t\t\t\t<\/div>\n\t\t\t\t<\/div>\n\t\t<div class=\"elementor-element elementor-element-a24a423 e-flex e-con-boxed e-con e-parent\" data-id=\"a24a423\" data-element_type=\"container\" data-e-type=\"container\" data-settings=\"{&quot;background_background&quot;:&quot;classic&quot;}\">\n\t\t\t\t\t<div class=\"e-con-inner\">\n\t\t\t\t<div class=\"elementor-element elementor-element-bc5792a elementor-widget elementor-widget-video\" data-id=\"bc5792a\" data-element_type=\"widget\" data-e-type=\"widget\" data-settings=\"{&quot;youtube_url&quot;:&quot;https:\\\/\\\/www.youtube.com\\\/watch?v=CnWS1Xcsn2s&amp;ab_channel=IglesiaElEncuentroBogot%C3%A1&quot;,&quot;lazy_load&quot;:&quot;yes&quot;,&quot;show_image_overlay&quot;:&quot;yes&quot;,&quot;image_overlay&quot;:{&quot;url&quot;:&quot;https:\\\/\\\/iglesiaelencuentro.com\\\/wp-content\\\/uploads\\\/2023\\\/08\\\/HistoriaEE.jpg&quot;,&quot;id&quot;:5005,&quot;size&quot;:&quot;&quot;,&quot;alt&quot;:&quot;&quot;,&quot;source&quot;:&quot;library&quot;},&quot;video_type&quot;:&quot;youtube&quot;,&quot;controls&quot;:&quot;yes&quot;}\" data-widget_type=\"video.default\">\n\t\t\t\t<div class=\"elementor-widget-container\">\n\t\t\t\t\t\t\t<div class=\"elementor-wrapper elementor-open-inline\">\n\t\t\t<div class=\"elementor-video\"><\/div>\t\t\t\t<div class=\"elementor-custom-embed-image-overlay\" style=\"background-image: url(https:\/\/iglesiaelencuentro.com\/wp-content\/uploads\/2023\/08\/HistoriaEE.jpg);\">\n\t\t\t\t\t\t\t\t\t\t\t\t\t\t\t\t<div class=\"elementor-custom-embed-play\" role=\"button\" aria-label=\"Reproducir v\u00eddeo\" tabindex=\"0\">\n\t\t\t\t\t\t\t<i aria-hidden=\"true\" class=\"eicon-play\"><\/i>\t\t\t\t\t\t<\/div>\n\t\t\t\t\t\t\t\t\t<\/div>\n\t\t\t\t\t<\/div>\n\t\t\t\t\t\t<\/div>\n\t\t\t\t<\/div>\n\t\t\t\t\t<\/div>\n\t\t\t\t<\/div>\n\t\t<div class=\"elementor-element elementor-element-2241e64 e-flex e-con-boxed e-con e-parent\" data-id=\"2241e64\" data-element_type=\"container\" data-e-type=\"container\" data-settings=\"{&quot;background_background&quot;:&quot;classic&quot;}\">\n\t\t\t\t\t<div class=\"e-con-inner\">\n\t\t\t\t<div class=\"elementor-element elementor-element-a510c38 elementor-widget-divider--view-line_icon elementor-view-default elementor-widget-divider--element-align-center elementor-widget elementor-widget-divider\" data-id=\"a510c38\" data-element_type=\"widget\" data-e-type=\"widget\" data-widget_type=\"divider.default\">\n\t\t\t\t<div class=\"elementor-widget-container\">\n\t\t\t\t\t\t\t<div class=\"elementor-divider\">\n\t\t\t<span class=\"elementor-divider-separator\">\n\t\t\t\t\t\t\t<div class=\"elementor-icon elementor-divider__element\">\n\t\t\t\t\t<i aria-hidden=\"true\" class=\"fas fa-cross\"><\/i><\/div>\n\t\t\t\t\t\t<\/span>\n\t\t<\/div>\n\t\t\t\t\t\t<\/div>\n\t\t\t\t<\/div>\n\t\t\t\t\t<\/div>\n\t\t\t\t<\/div>\n\t\t\t\t<\/div>\n\t\t","protected":false},"excerpt":{"rendered":"<p>Nuestra historia es Su Historia 1887Creaci\u00f3n de la Alianza Cristiana CMASe crea una alianza interdenominacional. Dios prepar\u00f3 el coraz\u00f3n de Alberto Benjam\u00edn Simpson Clark, para ser instrumento evangelizador en el [&hellip;]<\/p>\n","protected":false},"author":3,"featured_media":0,"parent":0,"menu_order":0,"comment_status":"closed","ping_status":"closed","template":"","meta":{"_acf_changed":false,"footnotes":""},"class_list":["post-4958","page","type-page","status-publish","hentry"],"acf":[],"_links":{"self":[{"href":"https:\/\/iglesiaelencuentro.com\/en\/wp-json\/wp\/v2\/pages\/4958","targetHints":{"allow":["GET"]}}],"collection":[{"href":"https:\/\/iglesiaelencuentro.com\/en\/wp-json\/wp\/v2\/pages"}],"about":[{"href":"https:\/\/iglesiaelencuentro.com\/en\/wp-json\/wp\/v2\/types\/page"}],"author":[{"embeddable":true,"href":"https:\/\/iglesiaelencuentro.com\/en\/wp-json\/wp\/v2\/users\/3"}],"replies":[{"embeddable":true,"href":"https:\/\/iglesiaelencuentro.com\/en\/wp-json\/wp\/v2\/comments?post=4958"}],"version-history":[{"count":32,"href":"https:\/\/iglesiaelencuentro.com\/en\/wp-json\/wp\/v2\/pages\/4958\/revisions"}],"predecessor-version":[{"id":5388,"href":"https:\/\/iglesiaelencuentro.com\/en\/wp-json\/wp\/v2\/pages\/4958\/revisions\/5388"}],"wp:attachment":[{"href":"https:\/\/iglesiaelencuentro.com\/en\/wp-json\/wp\/v2\/media?parent=4958"}],"curies":[{"name":"wp","href":"https:\/\/api.w.org\/{rel}","templated":true}]}}