{"id":4960,"date":"2023-08-31T18:24:01","date_gmt":"2023-08-31T18:24:01","guid":{"rendered":"https:\/\/iglesiaelencuentro.com\/?page_id=4960"},"modified":"2025-04-11T12:50:54","modified_gmt":"2025-04-11T12:50:54","slug":"equipo-de-siervos","status":"publish","type":"page","link":"https:\/\/iglesiaelencuentro.com\/en\/equipo-de-siervos\/","title":{"rendered":"Equipo de la Iglesia El Encuentro"},"content":{"rendered":"<div data-elementor-type=\"wp-page\" data-elementor-id=\"4960\" class=\"elementor elementor-4960\" data-elementor-post-type=\"page\">\n\t\t\t\t<div class=\"elementor-element elementor-element-6c67422d e-con-full e-flex e-con e-parent\" data-id=\"6c67422d\" data-element_type=\"container\" data-e-type=\"container\" id=\"equipo\" data-settings=\"{&quot;background_background&quot;:&quot;classic&quot;}\">\n\t\t\t\t<div class=\"elementor-element elementor-element-7d78399b elementor-widget elementor-widget-heading\" data-id=\"7d78399b\" data-element_type=\"widget\" data-e-type=\"widget\" data-widget_type=\"heading.default\">\n\t\t\t\t<div class=\"elementor-widget-container\">\n\t\t\t\t\t<h1 class=\"elementor-heading-title elementor-size-default\">Our Servants<\/h1>\t\t\t\t<\/div>\n\t\t\t\t<\/div>\n\t\t\t\t<div class=\"elementor-element elementor-element-6f0fc4dc elementor-headline--style-rotate elementor-widget-mobile__width-inherit elementor-widget elementor-widget-animated-headline\" data-id=\"6f0fc4dc\" data-element_type=\"widget\" data-e-type=\"widget\" data-settings=\"{&quot;headline_style&quot;:&quot;rotate&quot;,&quot;rotating_text&quot;:&quot;sirven\\naman\\ncuidan\\nprotegen\\ndan&quot;,&quot;animation_type&quot;:&quot;typing&quot;,&quot;loop&quot;:&quot;yes&quot;,&quot;rotate_iteration_delay&quot;:2500}\" data-widget_type=\"animated-headline.default\">\n\t\t\t\t<div class=\"elementor-widget-container\">\n\t\t\t\t\t\t\t<h3 class=\"elementor-headline elementor-headline-animation-type-typing elementor-headline-letters\">\n\t\t\t\t\t<span class=\"elementor-headline-plain-text elementor-headline-text-wrapper\">Hands that<\/span>\n\t\t\t\t<span class=\"elementor-headline-dynamic-wrapper elementor-headline-text-wrapper\">\n\t\t\t\t\t<span class=\"elementor-headline-dynamic-text elementor-headline-text-active\">\n\t\t\t\tserve\t\t\t<\/span>\n\t\t\t\t\t<span class=\"elementor-headline-dynamic-text\">\n\t\t\t\tlove\t\t\t<\/span>\n\t\t\t\t\t<span class=\"elementor-headline-dynamic-text\">\n\t\t\t\tcare\t\t\t<\/span>\n\t\t\t\t\t<span class=\"elementor-headline-dynamic-text\">\n\t\t\t\tprotect\t\t\t<\/span>\n\t\t\t\t\t<span class=\"elementor-headline-dynamic-text\">\n\t\t\t\tgive\t\t\t<\/span>\n\t\t\t\t\t\t<\/span>\n\t\t\t\t<\/h3>\n\t\t\t\t\t\t<\/div>\n\t\t\t\t<\/div>\n\t\t\t\t<\/div>\n\t\t<div class=\"elementor-element elementor-element-f37ffd3 e-con-full e-flex e-con e-parent\" data-id=\"f37ffd3\" data-element_type=\"container\" data-e-type=\"container\">\n\t\t<div class=\"elementor-element elementor-element-285d9af e-con-full e-flex e-con e-child\" data-id=\"285d9af\" data-element_type=\"container\" data-e-type=\"container\">\n\t\t\t\t<div class=\"elementor-element elementor-element-d3af250 elementor-widget__width-initial elementor-widget elementor-widget-image\" data-id=\"d3af250\" data-element_type=\"widget\" data-e-type=\"widget\" data-widget_type=\"image.default\">\n\t\t\t\t<div class=\"elementor-widget-container\">\n\t\t\t\t\t\t\t\t\t\t\t\t\t\t\t<img fetchpriority=\"high\" decoding=\"async\" width=\"800\" height=\"800\" src=\"https:\/\/iglesiaelencuentro.com\/wp-content\/uploads\/2025\/04\/Equipo-El-Encuentro-5.png\" class=\"attachment-large size-large wp-image-5739\" alt=\"\" srcset=\"https:\/\/iglesiaelencuentro.com\/wp-content\/uploads\/2025\/04\/Equipo-El-Encuentro-5.png 1024w, https:\/\/iglesiaelencuentro.com\/wp-content\/uploads\/2025\/04\/Equipo-El-Encuentro-5-300x300.png 300w, https:\/\/iglesiaelencuentro.com\/wp-content\/uploads\/2025\/04\/Equipo-El-Encuentro-5-150x150.png 150w, https:\/\/iglesiaelencuentro.com\/wp-content\/uploads\/2025\/04\/Equipo-El-Encuentro-5-768x768.png 768w\" sizes=\"(max-width: 800px) 100vw, 800px\" \/>\t\t\t\t\t\t\t\t\t\t\t\t\t\t\t<\/div>\n\t\t\t\t<\/div>\n\t\t\t\t<\/div>\n\t\t<div class=\"elementor-element elementor-element-e1243c7 e-con-full e-flex e-con e-child\" data-id=\"e1243c7\" data-element_type=\"container\" data-e-type=\"container\" data-settings=\"{&quot;background_background&quot;:&quot;classic&quot;}\">\n\t\t\t\t<div class=\"elementor-element elementor-element-4faed70 elementor-widget elementor-widget-heading\" data-id=\"4faed70\" data-element_type=\"widget\" data-e-type=\"widget\" data-widget_type=\"heading.default\">\n\t\t\t\t<div class=\"elementor-widget-container\">\n\t\t\t\t\t<h2 class=\"elementor-heading-title elementor-size-default\">Fabi\u00e1n Orjuela<\/h2>\t\t\t\t<\/div>\n\t\t\t\t<\/div>\n\t\t\t\t<div class=\"elementor-element elementor-element-7488375 elementor-widget elementor-widget-heading\" data-id=\"7488375\" data-element_type=\"widget\" data-e-type=\"widget\" data-widget_type=\"heading.default\">\n\t\t\t\t<div class=\"elementor-widget-container\">\n\t\t\t\t\t<h2 class=\"elementor-heading-title elementor-size-default\">Senior Pastor<\/h2>\t\t\t\t<\/div>\n\t\t\t\t<\/div>\n\t\t\t\t<div class=\"elementor-element elementor-element-d137859 elementor-widget__width-initial elementor-widget elementor-widget-text-editor\" data-id=\"d137859\" data-element_type=\"widget\" data-e-type=\"widget\" data-widget_type=\"text-editor.default\">\n\t\t\t\t<div class=\"elementor-widget-container\">\n\t\t\t\t\t\t\t\t\t<p>Pastor Fabi\u00e1n has been married for 11 years and has a young son who is four years old. He has served the Lord in pastoral ministry for 15 years, 11 of which have been as the pastor of Iglesia El Encuentro. He has worked in the youth, men\u2019s, and couples ministries. Since 2019, he has been the senior pastor of the church.<\/p><p>He holds a degree in Biblical Theology from the Fundaci\u00f3n Universitaria Seminario B\u00edblico de Colombia (FUSBC) and is a certified Biblical Counselor by Encarga and the IBCD. He also has studies in Project Management and Financial Management from Universidad de Los Andes. Currently, he is training in preaching through Simeon Trust and Langham Preaching.<\/p>\t\t\t\t\t\t\t\t<\/div>\n\t\t\t\t<\/div>\n\t\t\t\t<\/div>\n\t\t\t\t<\/div>\n\t\t<div class=\"elementor-element elementor-element-e1ffa11 e-con-full e-flex e-con e-parent\" data-id=\"e1ffa11\" data-element_type=\"container\" data-e-type=\"container\">\n\t\t<div class=\"elementor-element elementor-element-d1c3cb9 e-con-full e-flex e-con e-child\" data-id=\"d1c3cb9\" data-element_type=\"container\" data-e-type=\"container\" data-settings=\"{&quot;background_background&quot;:&quot;classic&quot;}\">\n\t\t\t\t<div class=\"elementor-element elementor-element-08f6567 elementor-widget__width-initial elementor-widget elementor-widget-image\" data-id=\"08f6567\" data-element_type=\"widget\" data-e-type=\"widget\" data-widget_type=\"image.default\">\n\t\t\t\t<div class=\"elementor-widget-container\">\n\t\t\t\t\t\t\t\t\t\t\t\t\t\t\t<img decoding=\"async\" width=\"800\" height=\"800\" src=\"https:\/\/iglesiaelencuentro.com\/wp-content\/uploads\/2025\/04\/Yube2-1.png\" class=\"attachment-large size-large wp-image-5766\" alt=\"\" srcset=\"https:\/\/iglesiaelencuentro.com\/wp-content\/uploads\/2025\/04\/Yube2-1.png 1024w, https:\/\/iglesiaelencuentro.com\/wp-content\/uploads\/2025\/04\/Yube2-1-300x300.png 300w, https:\/\/iglesiaelencuentro.com\/wp-content\/uploads\/2025\/04\/Yube2-1-150x150.png 150w, https:\/\/iglesiaelencuentro.com\/wp-content\/uploads\/2025\/04\/Yube2-1-768x768.png 768w\" sizes=\"(max-width: 800px) 100vw, 800px\" \/>\t\t\t\t\t\t\t\t\t\t\t\t\t\t\t<\/div>\n\t\t\t\t<\/div>\n\t\t\t\t<div class=\"elementor-element elementor-element-8375ab3 elementor-widget elementor-widget-heading\" data-id=\"8375ab3\" data-element_type=\"widget\" data-e-type=\"widget\" data-widget_type=\"heading.default\">\n\t\t\t\t<div class=\"elementor-widget-container\">\n\t\t\t\t\t<h2 class=\"elementor-heading-title elementor-size-default\">Yubelly Pach\u00f3n<\/h2>\t\t\t\t<\/div>\n\t\t\t\t<\/div>\n\t\t\t\t<div class=\"elementor-element elementor-element-59d17b9 elementor-widget elementor-widget-heading\" data-id=\"59d17b9\" data-element_type=\"widget\" data-e-type=\"widget\" data-widget_type=\"heading.default\">\n\t\t\t\t<div class=\"elementor-widget-container\">\n\t\t\t\t\t<h2 class=\"elementor-heading-title elementor-size-default\">Pastor of Little Aliancistas and Women<\/h2>\t\t\t\t<\/div>\n\t\t\t\t<\/div>\n\t\t\t\t<div class=\"elementor-element elementor-element-5c41430 elementor-widget__width-initial elementor-widget elementor-widget-text-editor\" data-id=\"5c41430\" data-element_type=\"widget\" data-e-type=\"widget\" data-widget_type=\"text-editor.default\">\n\t\t\t\t<div class=\"elementor-widget-container\">\n\t\t\t\t\t\t\t\t\t<p>Pastor Yubelly is married to Pastor Fabi\u00e1n Orjuela, and they have two children. She has served the Lord since she was 14 years old in organizations such as Talita Cumi, Jucum, Voelkel Mission Center, and Fundaci\u00f3n Vive. She has been serving in our church since 2013.<\/p><p>She holds a degree in Theology from the Fundaci\u00f3n Universitaria Seminario B\u00edblico de Colombia (FUSBC) and is a certified biblical counselor by Encarga and IBCD. She is currently training in preaching with Langham Preaching.<\/p>\t\t\t\t\t\t\t\t<\/div>\n\t\t\t\t<\/div>\n\t\t\t\t<\/div>\n\t\t<div class=\"elementor-element elementor-element-390c9d0 e-con-full e-flex e-con e-child\" data-id=\"390c9d0\" data-element_type=\"container\" data-e-type=\"container\" data-settings=\"{&quot;background_background&quot;:&quot;classic&quot;}\">\n\t\t\t\t<div class=\"elementor-element elementor-element-3acf945 elementor-widget__width-initial elementor-widget elementor-widget-image\" data-id=\"3acf945\" data-element_type=\"widget\" data-e-type=\"widget\" data-widget_type=\"image.default\">\n\t\t\t\t<div class=\"elementor-widget-container\">\n\t\t\t\t\t\t\t\t\t\t\t\t\t\t\t<img decoding=\"async\" width=\"800\" height=\"800\" src=\"https:\/\/iglesiaelencuentro.com\/wp-content\/uploads\/2025\/04\/Equipo-El-Encuentro-4.png\" class=\"attachment-large size-large wp-image-5738\" alt=\"\" srcset=\"https:\/\/iglesiaelencuentro.com\/wp-content\/uploads\/2025\/04\/Equipo-El-Encuentro-4.png 1024w, https:\/\/iglesiaelencuentro.com\/wp-content\/uploads\/2025\/04\/Equipo-El-Encuentro-4-300x300.png 300w, https:\/\/iglesiaelencuentro.com\/wp-content\/uploads\/2025\/04\/Equipo-El-Encuentro-4-150x150.png 150w, https:\/\/iglesiaelencuentro.com\/wp-content\/uploads\/2025\/04\/Equipo-El-Encuentro-4-768x768.png 768w\" sizes=\"(max-width: 800px) 100vw, 800px\" \/>\t\t\t\t\t\t\t\t\t\t\t\t\t\t\t<\/div>\n\t\t\t\t<\/div>\n\t\t\t\t<div class=\"elementor-element elementor-element-351d566 elementor-widget elementor-widget-heading\" data-id=\"351d566\" data-element_type=\"widget\" data-e-type=\"widget\" data-widget_type=\"heading.default\">\n\t\t\t\t<div class=\"elementor-widget-container\">\n\t\t\t\t\t<h2 class=\"elementor-heading-title elementor-size-default\">Hern\u00e1ndo Manrique<\/h2>\t\t\t\t<\/div>\n\t\t\t\t<\/div>\n\t\t\t\t<div class=\"elementor-element elementor-element-d1df3fb elementor-widget elementor-widget-heading\" data-id=\"d1df3fb\" data-element_type=\"widget\" data-e-type=\"widget\" data-widget_type=\"heading.default\">\n\t\t\t\t<div class=\"elementor-widget-container\">\n\t\t\t\t\t<h2 class=\"elementor-heading-title elementor-size-default\">Pastor of Praise and Worship<\/h2>\t\t\t\t<\/div>\n\t\t\t\t<\/div>\n\t\t\t\t<\/div>\n\t\t\t\t<\/div>\n\t\t<div class=\"elementor-element elementor-element-304c269 e-con-full e-flex e-con e-parent\" data-id=\"304c269\" data-element_type=\"container\" data-e-type=\"container\">\n\t\t<div class=\"elementor-element elementor-element-b89ae63 e-con-full e-flex e-con e-child\" data-id=\"b89ae63\" data-element_type=\"container\" data-e-type=\"container\" data-settings=\"{&quot;background_background&quot;:&quot;classic&quot;}\">\n\t\t\t\t<div class=\"elementor-element elementor-element-13e64d9 elementor-widget__width-initial elementor-widget elementor-widget-image\" data-id=\"13e64d9\" data-element_type=\"widget\" data-e-type=\"widget\" data-widget_type=\"image.default\">\n\t\t\t\t<div class=\"elementor-widget-container\">\n\t\t\t\t\t\t\t\t\t\t\t\t\t\t\t<img loading=\"lazy\" decoding=\"async\" width=\"800\" height=\"800\" src=\"https:\/\/iglesiaelencuentro.com\/wp-content\/uploads\/2025\/04\/Equipo-El-Encuentro-3.png\" class=\"attachment-large size-large wp-image-5737\" alt=\"\" srcset=\"https:\/\/iglesiaelencuentro.com\/wp-content\/uploads\/2025\/04\/Equipo-El-Encuentro-3.png 1024w, https:\/\/iglesiaelencuentro.com\/wp-content\/uploads\/2025\/04\/Equipo-El-Encuentro-3-300x300.png 300w, https:\/\/iglesiaelencuentro.com\/wp-content\/uploads\/2025\/04\/Equipo-El-Encuentro-3-150x150.png 150w, https:\/\/iglesiaelencuentro.com\/wp-content\/uploads\/2025\/04\/Equipo-El-Encuentro-3-768x768.png 768w\" sizes=\"(max-width: 800px) 100vw, 800px\" \/>\t\t\t\t\t\t\t\t\t\t\t\t\t\t\t<\/div>\n\t\t\t\t<\/div>\n\t\t\t\t<div class=\"elementor-element elementor-element-faf0a6a elementor-widget elementor-widget-heading\" data-id=\"faf0a6a\" data-element_type=\"widget\" data-e-type=\"widget\" data-widget_type=\"heading.default\">\n\t\t\t\t<div class=\"elementor-widget-container\">\n\t\t\t\t\t<h2 class=\"elementor-heading-title elementor-size-default\">Roberto<\/h2>\t\t\t\t<\/div>\n\t\t\t\t<\/div>\n\t\t\t\t<div class=\"elementor-element elementor-element-361fd9b elementor-widget elementor-widget-heading\" data-id=\"361fd9b\" data-element_type=\"widget\" data-e-type=\"widget\" data-widget_type=\"heading.default\">\n\t\t\t\t<div class=\"elementor-widget-container\">\n\t\t\t\t\t<h2 class=\"elementor-heading-title elementor-size-default\">Pastor<\/h2>\t\t\t\t<\/div>\n\t\t\t\t<\/div>\n\t\t\t\t<\/div>\n\t\t<div class=\"elementor-element elementor-element-03c707e e-con-full e-flex e-con e-child\" data-id=\"03c707e\" data-element_type=\"container\" data-e-type=\"container\" data-settings=\"{&quot;background_background&quot;:&quot;classic&quot;}\">\n\t\t\t\t<div class=\"elementor-element elementor-element-7443d28 elementor-widget__width-initial elementor-widget elementor-widget-image\" data-id=\"7443d28\" data-element_type=\"widget\" data-e-type=\"widget\" data-widget_type=\"image.default\">\n\t\t\t\t<div class=\"elementor-widget-container\">\n\t\t\t\t\t\t\t\t\t\t\t\t\t\t\t<img loading=\"lazy\" decoding=\"async\" width=\"800\" height=\"800\" src=\"https:\/\/iglesiaelencuentro.com\/wp-content\/uploads\/2025\/04\/Daniel.png\" class=\"attachment-large size-large wp-image-5745\" alt=\"\" srcset=\"https:\/\/iglesiaelencuentro.com\/wp-content\/uploads\/2025\/04\/Daniel.png 1024w, https:\/\/iglesiaelencuentro.com\/wp-content\/uploads\/2025\/04\/Daniel-300x300.png 300w, https:\/\/iglesiaelencuentro.com\/wp-content\/uploads\/2025\/04\/Daniel-150x150.png 150w, https:\/\/iglesiaelencuentro.com\/wp-content\/uploads\/2025\/04\/Daniel-768x768.png 768w\" sizes=\"(max-width: 800px) 100vw, 800px\" \/>\t\t\t\t\t\t\t\t\t\t\t\t\t\t\t<\/div>\n\t\t\t\t<\/div>\n\t\t\t\t<div class=\"elementor-element elementor-element-6872983 elementor-widget elementor-widget-heading\" data-id=\"6872983\" data-element_type=\"widget\" data-e-type=\"widget\" data-widget_type=\"heading.default\">\n\t\t\t\t<div class=\"elementor-widget-container\">\n\t\t\t\t\t<h2 class=\"elementor-heading-title elementor-size-default\">Daniel Romero<\/h2>\t\t\t\t<\/div>\n\t\t\t\t<\/div>\n\t\t\t\t<div class=\"elementor-element elementor-element-c267e7b elementor-widget elementor-widget-heading\" data-id=\"c267e7b\" data-element_type=\"widget\" data-e-type=\"widget\" data-widget_type=\"heading.default\">\n\t\t\t\t<div class=\"elementor-widget-container\">\n\t\t\t\t\t<h2 class=\"elementor-heading-title elementor-size-default\">Pastor<\/h2>\t\t\t\t<\/div>\n\t\t\t\t<\/div>\n\t\t\t\t<\/div>\n\t\t\t\t<\/div>\n\t\t<div class=\"elementor-element elementor-element-73f4363a e-con-full e-flex e-con e-parent\" data-id=\"73f4363a\" data-element_type=\"container\" data-e-type=\"container\" data-settings=\"{&quot;background_background&quot;:&quot;gradient&quot;}\">\n\t\t<div class=\"elementor-element elementor-element-512e3307 e-flex e-con-boxed e-con e-child\" data-id=\"512e3307\" data-element_type=\"container\" data-e-type=\"container\">\n\t\t\t\t\t<div class=\"e-con-inner\">\n\t\t\t\t<div class=\"elementor-element elementor-element-5e801862 elementor-widget__width-initial elementor-widget-tablet__width-initial elementor-widget-mobile__width-inherit elementor-cta--layout-image-above elementor-cta--valign-top elementor-cta--skin-classic elementor-animated-content elementor-invisible elementor-widget elementor-widget-call-to-action\" data-id=\"5e801862\" data-element_type=\"widget\" data-e-type=\"widget\" data-settings=\"{&quot;_animation&quot;:&quot;fadeInUp&quot;}\" data-widget_type=\"call-to-action.default\">\n\t\t\t\t<div class=\"elementor-widget-container\">\n\t\t\t\t\t\t\t<div class=\"elementor-cta\">\n\t\t\t\t\t<div class=\"elementor-cta__bg-wrapper\">\n\t\t\t\t<div class=\"elementor-cta__bg elementor-bg\" style=\"background-image: url(https:\/\/iglesiaelencuentro.com\/wp-content\/uploads\/2025\/04\/Admons.png);\" role=\"img\" aria-label=\"Admons\"><\/div>\n\t\t\t\t<div class=\"elementor-cta__bg-overlay\"><\/div>\n\t\t\t<\/div>\n\t\t\t\t\t\t\t<div class=\"elementor-cta__content\">\n\t\t\t\t\n\t\t\t\t\t\t\t\t\t<span class=\"elementor-cta__title elementor-cta__content-item elementor-content-item\">\n\t\t\t\t\t\tJennifer Garc\u00eda and Esperanza Mesa\t\t\t\t\t<\/span>\n\t\t\t\t\n\t\t\t\t\t\t\t\t\t<div class=\"elementor-cta__description elementor-cta__content-item elementor-content-item\">\n\t\t\t\t\t\tAdministration Team\t\t\t\t\t<\/div>\n\t\t\t\t\n\t\t\t\t\t\t\t<\/div>\n\t\t\t\t\t\t<\/div>\n\t\t\t\t\t\t<\/div>\n\t\t\t\t<\/div>\n\t\t\t\t<div class=\"elementor-element elementor-element-8268224 elementor-widget__width-initial elementor-widget-tablet__width-initial elementor-widget-mobile__width-inherit elementor-cta--layout-image-above elementor-cta--valign-top elementor-cta--skin-classic elementor-animated-content elementor-invisible elementor-widget elementor-widget-call-to-action\" data-id=\"8268224\" data-element_type=\"widget\" data-e-type=\"widget\" data-settings=\"{&quot;_animation&quot;:&quot;fadeInUp&quot;}\" data-widget_type=\"call-to-action.default\">\n\t\t\t\t<div class=\"elementor-widget-container\">\n\t\t\t\t\t\t\t<div class=\"elementor-cta\">\n\t\t\t\t\t<div class=\"elementor-cta__bg-wrapper\">\n\t\t\t\t<div class=\"elementor-cta__bg elementor-bg\" style=\"background-image: url(https:\/\/iglesiaelencuentro.com\/wp-content\/uploads\/2023\/09\/Haiden.jpeg);\" role=\"img\" aria-label=\"Haiden\"><\/div>\n\t\t\t\t<div class=\"elementor-cta__bg-overlay\"><\/div>\n\t\t\t<\/div>\n\t\t\t\t\t\t\t<div class=\"elementor-cta__content\">\n\t\t\t\t\n\t\t\t\t\t\t\t\t\t<span class=\"elementor-cta__title elementor-cta__content-item elementor-content-item\">\n\t\t\t\t\t\tHaiden C\u00e1rdenas\t\t\t\t\t<\/span>\n\t\t\t\t\n\t\t\t\t\t\t\t\t\t<div class=\"elementor-cta__description elementor-cta__content-item elementor-content-item\">\n\t\t\t\t\t\tCODIL Member\t\t\t\t\t<\/div>\n\t\t\t\t\n\t\t\t\t\t\t\t<\/div>\n\t\t\t\t\t\t<\/div>\n\t\t\t\t\t\t<\/div>\n\t\t\t\t<\/div>\n\t\t\t\t<div class=\"elementor-element elementor-element-6ecf980c elementor-widget__width-initial elementor-widget-tablet__width-initial elementor-widget-mobile__width-inherit elementor-cta--layout-image-above elementor-cta--skin-classic elementor-animated-content elementor-invisible elementor-widget elementor-widget-call-to-action\" data-id=\"6ecf980c\" data-element_type=\"widget\" data-e-type=\"widget\" data-settings=\"{&quot;_animation&quot;:&quot;fadeInUp&quot;}\" data-widget_type=\"call-to-action.default\">\n\t\t\t\t<div class=\"elementor-widget-container\">\n\t\t\t\t\t\t\t<div class=\"elementor-cta\">\n\t\t\t\t\t<div class=\"elementor-cta__bg-wrapper\">\n\t\t\t\t<div class=\"elementor-cta__bg elementor-bg\" style=\"background-image: url(https:\/\/iglesiaelencuentro.com\/wp-content\/uploads\/2023\/09\/Marcela.jpeg);\" role=\"img\" aria-label=\"Marcela\"><\/div>\n\t\t\t\t<div class=\"elementor-cta__bg-overlay\"><\/div>\n\t\t\t<\/div>\n\t\t\t\t\t\t\t<div class=\"elementor-cta__content\">\n\t\t\t\t\n\t\t\t\t\t\t\t\t\t<span class=\"elementor-cta__title elementor-cta__content-item elementor-content-item\">\n\t\t\t\t\t\tMarcela Reyes\t\t\t\t\t<\/span>\n\t\t\t\t\n\t\t\t\t\t\t\t\t\t<div class=\"elementor-cta__description elementor-cta__content-item elementor-content-item\">\n\t\t\t\t\t\tCODIL Member\t\t\t\t\t<\/div>\n\t\t\t\t\n\t\t\t\t\t\t\t<\/div>\n\t\t\t\t\t\t<\/div>\n\t\t\t\t\t\t<\/div>\n\t\t\t\t<\/div>\n\t\t\t\t\t<\/div>\n\t\t\t\t<\/div>\n\t\t\t\t<\/div>\n\t\t<div class=\"elementor-element elementor-element-5b33d83 e-flex e-con-boxed e-con e-parent\" data-id=\"5b33d83\" data-element_type=\"container\" data-e-type=\"container\" data-settings=\"{&quot;background_background&quot;:&quot;classic&quot;}\">\n\t\t\t\t\t<div class=\"e-con-inner\">\n\t\t\t\t\t<\/div>\n\t\t\t\t<\/div>\n\t\t<div class=\"elementor-element elementor-element-2241e64 e-flex e-con-boxed e-con e-parent\" data-id=\"2241e64\" data-element_type=\"container\" data-e-type=\"container\" data-settings=\"{&quot;background_background&quot;:&quot;classic&quot;}\">\n\t\t\t\t\t<div class=\"e-con-inner\">\n\t\t\t\t<div class=\"elementor-element elementor-element-a510c38 elementor-widget-divider--view-line_icon elementor-view-default elementor-widget-divider--element-align-center elementor-widget elementor-widget-divider\" data-id=\"a510c38\" data-element_type=\"widget\" data-e-type=\"widget\" data-widget_type=\"divider.default\">\n\t\t\t\t<div class=\"elementor-widget-container\">\n\t\t\t\t\t\t\t<div class=\"elementor-divider\">\n\t\t\t<span class=\"elementor-divider-separator\">\n\t\t\t\t\t\t\t<div class=\"elementor-icon elementor-divider__element\">\n\t\t\t\t\t<i aria-hidden=\"true\" class=\"fas fa-cross\"><\/i><\/div>\n\t\t\t\t\t\t<\/span>\n\t\t<\/div>\n\t\t\t\t\t\t<\/div>\n\t\t\t\t<\/div>\n\t\t\t\t\t<\/div>\n\t\t\t\t<\/div>\n\t\t\t\t<\/div>","protected":false},"excerpt":{"rendered":"<p>Nuestros Siervos Manos que sirven aman cuidan protegen dan Fabi\u00e1n Orjuela Pastor Director El pastor Fabi\u00e1n est\u00e1 casado hace 11 a\u00f1os, tiene un peque\u00f1o hijo de cuatro a\u00f1os, durante 15 [&hellip;]<\/p>\n","protected":false},"author":3,"featured_media":0,"parent":0,"menu_order":0,"comment_status":"closed","ping_status":"closed","template":"","meta":{"_acf_changed":false,"footnotes":""},"class_list":["post-4960","page","type-page","status-publish","hentry"],"acf":[],"_links":{"self":[{"href":"https:\/\/iglesiaelencuentro.com\/en\/wp-json\/wp\/v2\/pages\/4960","targetHints":{"allow":["GET"]}}],"collection":[{"href":"https:\/\/iglesiaelencuentro.com\/en\/wp-json\/wp\/v2\/pages"}],"about":[{"href":"https:\/\/iglesiaelencuentro.com\/en\/wp-json\/wp\/v2\/types\/page"}],"author":[{"embeddable":true,"href":"https:\/\/iglesiaelencuentro.com\/en\/wp-json\/wp\/v2\/users\/3"}],"replies":[{"embeddable":true,"href":"https:\/\/iglesiaelencuentro.com\/en\/wp-json\/wp\/v2\/comments?post=4960"}],"version-history":[{"count":107,"href":"https:\/\/iglesiaelencuentro.com\/en\/wp-json\/wp\/v2\/pages\/4960\/revisions"}],"predecessor-version":[{"id":5773,"href":"https:\/\/iglesiaelencuentro.com\/en\/wp-json\/wp\/v2\/pages\/4960\/revisions\/5773"}],"wp:attachment":[{"href":"https:\/\/iglesiaelencuentro.com\/en\/wp-json\/wp\/v2\/media?parent=4960"}],"curies":[{"name":"wp","href":"https:\/\/api.w.org\/{rel}","templated":true}]}}